{"id":781,"date":"2023-09-12T22:35:19","date_gmt":"2023-09-12T20:35:19","guid":{"rendered":"https:\/\/www.enjoyanzionettuno.com\/?page_id=781"},"modified":"2024-05-19T16:26:05","modified_gmt":"2024-05-19T14:26:05","slug":"anzio","status":"publish","type":"page","link":"https:\/\/www.enjoyanzionettuno.com\/it\/anzio\/","title":{"rendered":"Anzio, una citt\u00e0 di mare, di arte e di storia"},"content":{"rendered":"<p><strong>Anzio <\/strong> \u00e8 una cittadina non lontana da Roma e una delle localit\u00e0 balneari pi\u00f9 belle del <a href=\"https:\/\/www.regione.lazio.it\/\" target=\"_blank\" rel=\"noopener\"><strong>Lazio<\/strong><\/a>. Si trova nell&#8217;Agro Romano ed \u00e8 caratterizzato da un clima temperato, tipico del Mediterraneo. Per secoli \u00e8 stato un villaggio di pescatori. Oggi, invece, la citt\u00e0 presenta un lungomare, animato da stabilimenti, locali e attivit\u00e0 balneari. Il <strong>Golfo di Anzio<\/strong> \u00e8 una baia nota per le sue splendide spiagge sabbiose, le imponenti pareti rocciose e il mare cristallino.<\/p>\n<h2>Che cosa vedere nella citt\u00e0 di Anzio?<\/h2>\n<p>La citt\u00e0 di Anzio \u00e8 importante anche per il suo vasto patrimonio storico, artistico e culturale.<br \/>\nProprio qui nacquero gli imperatori dell\u2019Antica Roma, <strong>Caligola<\/strong> e <a href=\"https:\/\/www.enjoyanzionettuno.com\/it\/la-villa-e-le-grotte-di-nerone-ad-anzio-un-tesoro-archeologico-e-storico\/\"><strong>Nerone<\/strong><\/a>. In particolare, quest&#8217;ultimo costru\u00ec un nuovo porto e la sua lussuosa villa. I resti di entrambe le strutture sono ancora visibili. Il porto fu ricostruito poi nell&#8217;ultimo decennio del Seicento, per volont\u00e0 di <strong>Papa Innocenzo XII<\/strong>.<\/p>\n<p>Anzio \u00e8 conosciuta a livello internazionale anche perch\u00e9 la citt\u00e0 \u00e8 stata teatro di una delle pi\u00f9 celebri azioni della <strong>Seconda guerra mondiale<\/strong>. <a href=\"https:\/\/www.enjoyanzionettuno.com\/it\/chi-ha-combattuto-la-battaglia-di-anzio\/\">Il 22 gennaio 1944 gli eserciti alleati iniziarono a sbarcare sulla costa<\/a>. Quel giorno 100mila uomini raggiunsero il litorale e colsero di sorpresa gli schieramenti tedeschi. <strong>Commonwealth Cemetery<\/strong>, situato a circa 5 chilometri dal centro, \u00e8 dedicato a tutti i combattenti inglesi morti sul territorio durante il conflitto mondiale.<\/p>\n<p><img fetchpriority=\"high\" decoding=\"async\" class=\"aligncenter wp-image-1364\" src=\"https:\/\/www.enjoyanzionettuno.com\/wp-content\/uploads\/2024\/04\/battle-of-anzio.jpg\" alt=\"\" width=\"800\" height=\"627\" srcset=\"https:\/\/www.enjoyanzionettuno.com\/wp-content\/uploads\/2024\/04\/battle-of-anzio.jpg 1200w, https:\/\/www.enjoyanzionettuno.com\/wp-content\/uploads\/2024\/04\/battle-of-anzio-300x235.jpg 300w, https:\/\/www.enjoyanzionettuno.com\/wp-content\/uploads\/2024\/04\/battle-of-anzio-1024x803.jpg 1024w, https:\/\/www.enjoyanzionettuno.com\/wp-content\/uploads\/2024\/04\/battle-of-anzio-768x602.jpg 768w, https:\/\/www.enjoyanzionettuno.com\/wp-content\/uploads\/2024\/04\/battle-of-anzio-370x290.jpg 370w, https:\/\/www.enjoyanzionettuno.com\/wp-content\/uploads\/2024\/04\/battle-of-anzio-770x604.jpg 770w, https:\/\/www.enjoyanzionettuno.com\/wp-content\/uploads\/2024\/04\/battle-of-anzio-600x471.jpg 600w\" sizes=\"(max-width: 800px) 100vw, 800px\" \/><\/p>\n<p>&nbsp;<\/p>\n<p>Ci sono poi altri edifici d\u2019interesse storico. Per esempio la <strong>Basilica di Santa Teresa del Bambino Ges\u00f9 <\/strong>\u00e8 uno splendido edificio che combina le architetture neoclassiche a un gusto tradizionale.<\/p>\n<p>Di stile liberty invece \u00e8 il <strong>Paradiso sul Mare <\/strong>. Il palazzo, originariamente costruito per diventare un casin\u00f2, ha ospitato invece mostre d&#8217;arte e \u00e8 stato scelto negli anni come set di famosi film di registi di successo come Federico Fellini e Alberto Sordi.<\/p>\n<h2>Natura, spiagge e divertimento ad Anzio<\/h2>\n<p>Oltre agli accadimenti storici di cui Anzio \u00e8 stata protagonista, la citt\u00e0 \u00e8 famosa anche come una delle mete preferite dai turisti per le sue splendide spiagge sabbiose e il mare cristallino.<\/p>\n<p>La lunga spiaggia \u00e8 di sabbia fine e dorata, il fondale \u00e8 basso. Tutto ci\u00f2 rende questa costa perfetta per una<strong> vacanza con i bambini<\/strong>. Ma \u00e8 anche una meta ideale per persone dinamiche e sportive che possono dedicarsi al <strong>nuoto<\/strong>, alle <strong>immersioni<\/strong> o cimentarsi nel pi\u00f9 adrenalinico <strong>windsurf<\/strong>. Inoltre, per la qualit\u00e0 dei servizi offerti e per la qualit\u00e0 delle acque, Anzio, citt\u00e0 italiana, \u00e8 stata spesso insignita della <strong>Bandiera Verde<\/strong> e della <strong>Bandiera Blu<\/strong>. Infine, dal porto turistico \u00e8 possibile raggiungere in traghetto l&#8217;isola vicina ad Anzio: l&#8217;<strong>Isola di Ponza<\/strong>.<\/p>\n<p><img decoding=\"async\" class=\"aligncenter wp-image-1368\" src=\"https:\/\/www.enjoyanzionettuno.com\/wp-content\/uploads\/2024\/04\/italy-rome-anzio-ponza-island-beach.webp\" alt=\"\" width=\"800\" height=\"534\" srcset=\"https:\/\/www.enjoyanzionettuno.com\/wp-content\/uploads\/2024\/04\/italy-rome-anzio-ponza-island-beach.webp 2120w, https:\/\/www.enjoyanzionettuno.com\/wp-content\/uploads\/2024\/04\/italy-rome-anzio-ponza-island-beach-300x200.webp 300w, https:\/\/www.enjoyanzionettuno.com\/wp-content\/uploads\/2024\/04\/italy-rome-anzio-ponza-island-beach-1024x683.webp 1024w, https:\/\/www.enjoyanzionettuno.com\/wp-content\/uploads\/2024\/04\/italy-rome-anzio-ponza-island-beach-768x513.webp 768w, https:\/\/www.enjoyanzionettuno.com\/wp-content\/uploads\/2024\/04\/italy-rome-anzio-ponza-island-beach-1536x1025.webp 1536w, https:\/\/www.enjoyanzionettuno.com\/wp-content\/uploads\/2024\/04\/italy-rome-anzio-ponza-island-beach-2048x1367.webp 2048w, https:\/\/www.enjoyanzionettuno.com\/wp-content\/uploads\/2024\/04\/italy-rome-anzio-ponza-island-beach-370x247.webp 370w, https:\/\/www.enjoyanzionettuno.com\/wp-content\/uploads\/2024\/04\/italy-rome-anzio-ponza-island-beach-770x514.webp 770w, https:\/\/www.enjoyanzionettuno.com\/wp-content\/uploads\/2024\/04\/italy-rome-anzio-ponza-island-beach-600x400.webp 600w\" sizes=\"(max-width: 800px) 100vw, 800px\" \/><\/p>\n<p>&nbsp;<\/p>\n<p>Tra le <strong>spiagge <\/strong>pi\u00f9 belle della zona ci sono:<\/p>\n<ul>\n<li>Spiaggia di Anzio;<\/li>\n<li>Tor Caldara;<\/li>\n<li>Grotte di Nerone;<\/li>\n<li>Lido dei Gigli;<\/li>\n<li>Lido dei Pini.<\/li>\n<\/ul>\n<p>Oltre a essere perfetta per rilassarsi, la citt\u00e0, con il suo paesaggio incontaminato, \u00e8 ideale fare attivit\u00e0 all\u2019aria aperta, sport acquatici e trekking. Per gli amanti del verde il luogo perfetto \u00e8 la <a href=\"https:\/\/www.enjoyanzionettuno.com\/it\/riserva-naturale-di-tor-caldara\/\"><strong>Riserva Naturale Regionale Tor Caldara<\/strong><\/a>, un&#8217;area naturale protetta, considerata Sito di interesse comunitario a partire dal 2005.<\/p>\n<p>&nbsp;<\/p>\n<h3>Le migliori attrazioni da visitare ad Anzio<\/h3>\n<p>Anzio \u00e8 un&#8217;elegante localit\u00e0 balneare. Tra gli ultimi decenni dell&#8217;Ottocento e i primi del Novecento, divenne la <a href=\"https:\/\/www.enjoyanzionettuno.com\/it\/anzio-contemporanea-la-vita-di-una-citta-di-mare\/\">meta di villeggiatura preferita<\/a> di alcune note <strong>famiglie dell&#8217;aristocrazia e dell&#8217;alta borghesia romana<\/strong>. Poi, dal dopoguerra fino agli anni Settanta, il territorio di Anzio ha subito un&#8217;importante trasformazione urbanistica, con la creazione di nuovi quartieri nell&#8217;entroterra.<\/p>\n<p>La citt\u00e0 di Anzio ospita numerose ville storiche, tra cui <strong>Villa Albani<\/strong>, <strong>Villa Sarsina<\/strong> e <strong>Villa Adele<\/strong>. Quest&#8217;ultima ha un bel parco verde dove si trovano anche il <strong>Museo dello Sbarco<\/strong> e il <strong>Museo Archeologico<\/strong>. Sulla costa sono ancora visibili i resti di un&#8217;altra villa molto pi\u00f9 antica: la <a href=\"https:\/\/www.enjoyanzionettuno.com\/it\/la-villa-e-le-grotte-di-nerone-ad-anzio-un-tesoro-archeologico-e-storico\/\"><strong>Villa di Nerone<\/strong><\/a>. La villa divenne la residenza dell&#8217;imperatore Nerone, che si estendeva per 800 metri.<\/p>\n<p><img decoding=\"async\" class=\"aligncenter wp-image-1370\" src=\"https:\/\/www.enjoyanzionettuno.com\/wp-content\/uploads\/2024\/04\/villa-nerone-resti-archelogici.webp\" alt=\"\" width=\"800\" height=\"546\" srcset=\"https:\/\/www.enjoyanzionettuno.com\/wp-content\/uploads\/2024\/04\/villa-nerone-resti-archelogici.webp 1024w, https:\/\/www.enjoyanzionettuno.com\/wp-content\/uploads\/2024\/04\/villa-nerone-resti-archelogici-300x205.webp 300w, https:\/\/www.enjoyanzionettuno.com\/wp-content\/uploads\/2024\/04\/villa-nerone-resti-archelogici-768x524.webp 768w, https:\/\/www.enjoyanzionettuno.com\/wp-content\/uploads\/2024\/04\/villa-nerone-resti-archelogici-370x253.webp 370w, https:\/\/www.enjoyanzionettuno.com\/wp-content\/uploads\/2024\/04\/villa-nerone-resti-archelogici-770x526.webp 770w, https:\/\/www.enjoyanzionettuno.com\/wp-content\/uploads\/2024\/04\/villa-nerone-resti-archelogici-600x410.webp 600w\" sizes=\"(max-width: 800px) 100vw, 800px\" \/><\/p>\n<h3><\/h3>\n<h5>Paradiso sul Mare<\/h5>\n<p>Il <strong><a href=\"https:\/\/www.enjoyanzionettuno.com\/it\/paradiso-sul-mare-il-casino-di-anzio\/\">Paradiso sul Mare<\/a><\/strong> \u00e8 un edificio situato sul lungomare Zanardelli, costruito in stile liberty da Cesare Bazzani tra il 1919 e il 1924. Inizialmente progettato per diventare un casin\u00f2, le sue sale hanno invece ospitato diverse mostre d&#8217;arte. Queste sale sono state utilizzate come set cinematografico da importanti registi. <strong>Federico Fellini<\/strong> ha girato le scene del Grand Hotel di Rimini in &#8220;Amarcord&#8221; e <strong>Alberto Sordi<\/strong> in &#8220;Polvere di stelle&#8221;.<\/p>\n<h5>Commonwealth Cemetery, il cimitero di guerra inglese<\/h5>\n<p>Un altro luogo capace di coniugare bellezza estetica e storia locale \u00e8 il <strong>Commonwealth War Cemetery<\/strong>. Situato a circa 5 chilometri dal centro, \u00e8 dedicato a tutti i combattenti inglesi morti nella zona durante la <a href=\"https:\/\/www.enjoyanzionettuno.com\/it\/chi-ha-combattuto-la-battaglia-di-anzio\/\">Seconda guerra mondiale<\/a>. Tra questi c&#8217;\u00e8 anche Eric Fletcher Waters, padre di Roger Waters, bassista dei<strong><a href=\"https:\/\/www.pinkfloyd.com\/\" target=\"_blank\" rel=\"noopener\"> Pink Floyd<\/a><\/strong>.<\/p>\n<h5>La basilica di Santa Teresa<\/h5>\n<p>La <strong>Basilica di Santa Teresa del Bambino Ges\u00f9<\/strong> \u00e8 uno splendido edificio costruito sulla collina panoramica che domina la citt\u00e0. \u00c8 in pietra chiara e combina l&#8217;architettura neoclassica con un gusto molto tradizionale.<\/p>\n<p>&nbsp;<\/p>\n<h3>La tipica zuppa di pesce &#8220;alla portodanzese&#8221;<\/h3>\n<p>Le strade della citt\u00e0 sono poi piene di pizzerie, negozi, caff\u00e8 e boutique. Il porto \u00e8 costeggiato da numerosi ristoranti di pesce. \u00c8 infatti il pesce il protagonista della cucina di Anzio. Un piatto tipico \u00e8 la <strong>zuppa di pesce \u201calla portodanzese\u201d<\/strong>, con seppie e polpi conditi con olio, aglio e peperoncino, acciughe salate, pomodorini, cozze e anche vongole.<\/p>\n<p><img loading=\"lazy\" decoding=\"async\" class=\"aligncenter wp-image-1372\" src=\"https:\/\/www.enjoyanzionettuno.com\/wp-content\/uploads\/2024\/04\/fish-soup-alla-portodanzese.jpg\" alt=\"\" width=\"800\" height=\"532\" srcset=\"https:\/\/www.enjoyanzionettuno.com\/wp-content\/uploads\/2024\/04\/fish-soup-alla-portodanzese.jpg 900w, https:\/\/www.enjoyanzionettuno.com\/wp-content\/uploads\/2024\/04\/fish-soup-alla-portodanzese-300x199.jpg 300w, https:\/\/www.enjoyanzionettuno.com\/wp-content\/uploads\/2024\/04\/fish-soup-alla-portodanzese-768x510.jpg 768w, https:\/\/www.enjoyanzionettuno.com\/wp-content\/uploads\/2024\/04\/fish-soup-alla-portodanzese-370x246.jpg 370w, https:\/\/www.enjoyanzionettuno.com\/wp-content\/uploads\/2024\/04\/fish-soup-alla-portodanzese-770x512.jpg 770w, https:\/\/www.enjoyanzionettuno.com\/wp-content\/uploads\/2024\/04\/fish-soup-alla-portodanzese-600x399.jpg 600w\" sizes=\"(max-width: 800px) 100vw, 800px\" \/><\/p>\n","protected":false},"excerpt":{"rendered":"<p>Anzio \u00e8 una cittadina non lontana da Roma e una delle localit\u00e0 balneari pi\u00f9 belle&hellip;<\/p>\n","protected":false},"author":3,"featured_media":648,"parent":0,"menu_order":0,"comment_status":"closed","ping_status":"closed","template":"","meta":{"_monsterinsights_skip_tracking":false,"_monsterinsights_sitenote_active":false,"_monsterinsights_sitenote_note":"","_monsterinsights_sitenote_category":0,"footnotes":""},"class_list":["post-781","page","type-page","status-publish","has-post-thumbnail","hentry"],"yoast_head":"<!-- This site is optimized with the Yoast SEO plugin v27.3 - https:\/\/yoast.com\/product\/yoast-seo-wordpress\/ -->\n<title>Anzio, una citt\u00e0 di mare, di arte e di storia<\/title>\n<meta name=\"description\" content=\"Anzio \u00e8 una cittadina non lontana da Roma e una delle pi\u00f9 belle localit\u00e0 balneari del Lazio. Per cosa \u00e8 famosa la citt\u00e0 di Anzio?\" \/>\n<meta name=\"robots\" content=\"index, follow, max-snippet:-1, max-image-preview:large, max-video-preview:-1\" \/>\n<link rel=\"canonical\" href=\"https:\/\/www.enjoyanzionettuno.com\/it\/anzio\/\" \/>\n<meta property=\"og:locale\" content=\"it_IT\" \/>\n<meta property=\"og:type\" content=\"article\" \/>\n<meta property=\"og:title\" content=\"Anzio, una citt\u00e0 di mare, di arte e di storia\" \/>\n<meta property=\"og:description\" content=\"Anzio \u00e8 una cittadina non lontana da Roma e una delle pi\u00f9 belle localit\u00e0 balneari del Lazio. Per cosa \u00e8 famosa la citt\u00e0 di Anzio?\" \/>\n<meta property=\"og:url\" content=\"https:\/\/www.enjoyanzionettuno.com\/it\/anzio\/\" \/>\n<meta property=\"og:site_name\" content=\"Anzio &amp; Nettuno\" \/>\n<meta property=\"article:modified_time\" content=\"2024-05-19T14:26:05+00:00\" \/>\n<meta property=\"og:image\" content=\"https:\/\/www.enjoyanzionettuno.com\/wp-content\/uploads\/2022\/11\/anzio-seaside-rome.jpg\" \/>\n\t<meta property=\"og:image:width\" content=\"1200\" \/>\n\t<meta property=\"og:image:height\" content=\"600\" \/>\n\t<meta property=\"og:image:type\" content=\"image\/jpeg\" \/>\n<meta name=\"twitter:card\" content=\"summary_large_image\" \/>\n<meta name=\"twitter:label1\" content=\"Tempo di lettura stimato\" \/>\n\t<meta name=\"twitter:data1\" content=\"5 minuti\" \/>\n<script type=\"application\/ld+json\" class=\"yoast-schema-graph\">{\"@context\":\"https:\\\/\\\/schema.org\",\"@graph\":[{\"@type\":\"WebPage\",\"@id\":\"https:\\\/\\\/www.enjoyanzionettuno.com\\\/it\\\/anzio\\\/\",\"url\":\"https:\\\/\\\/www.enjoyanzionettuno.com\\\/it\\\/anzio\\\/\",\"name\":\"Anzio, una citt\u00e0 di mare, di arte e di storia\",\"isPartOf\":{\"@id\":\"https:\\\/\\\/www.enjoyanzionettuno.com\\\/it\\\/#website\"},\"primaryImageOfPage\":{\"@id\":\"https:\\\/\\\/www.enjoyanzionettuno.com\\\/it\\\/anzio\\\/#primaryimage\"},\"image\":{\"@id\":\"https:\\\/\\\/www.enjoyanzionettuno.com\\\/it\\\/anzio\\\/#primaryimage\"},\"thumbnailUrl\":\"https:\\\/\\\/www.enjoyanzionettuno.com\\\/wp-content\\\/uploads\\\/2022\\\/11\\\/anzio-seaside-rome.jpg\",\"datePublished\":\"2023-09-12T20:35:19+00:00\",\"dateModified\":\"2024-05-19T14:26:05+00:00\",\"description\":\"Anzio \u00e8 una cittadina non lontana da Roma e una delle pi\u00f9 belle localit\u00e0 balneari del Lazio. Per cosa \u00e8 famosa la citt\u00e0 di Anzio?\",\"breadcrumb\":{\"@id\":\"https:\\\/\\\/www.enjoyanzionettuno.com\\\/it\\\/anzio\\\/#breadcrumb\"},\"inLanguage\":\"it-IT\",\"potentialAction\":[{\"@type\":\"ReadAction\",\"target\":[\"https:\\\/\\\/www.enjoyanzionettuno.com\\\/it\\\/anzio\\\/\"]}]},{\"@type\":\"ImageObject\",\"inLanguage\":\"it-IT\",\"@id\":\"https:\\\/\\\/www.enjoyanzionettuno.com\\\/it\\\/anzio\\\/#primaryimage\",\"url\":\"https:\\\/\\\/www.enjoyanzionettuno.com\\\/wp-content\\\/uploads\\\/2022\\\/11\\\/anzio-seaside-rome.jpg\",\"contentUrl\":\"https:\\\/\\\/www.enjoyanzionettuno.com\\\/wp-content\\\/uploads\\\/2022\\\/11\\\/anzio-seaside-rome.jpg\",\"width\":1200,\"height\":600},{\"@type\":\"BreadcrumbList\",\"@id\":\"https:\\\/\\\/www.enjoyanzionettuno.com\\\/it\\\/anzio\\\/#breadcrumb\",\"itemListElement\":[{\"@type\":\"ListItem\",\"position\":1,\"name\":\"Enjoy Anzio Nettuno!\",\"item\":\"https:\\\/\\\/www.enjoyanzionettuno.com\\\/it\\\/\"},{\"@type\":\"ListItem\",\"position\":2,\"name\":\"Anzio, una citt\u00e0 di mare, di arte e di storia\"}]},{\"@type\":\"WebSite\",\"@id\":\"https:\\\/\\\/www.enjoyanzionettuno.com\\\/it\\\/#website\",\"url\":\"https:\\\/\\\/www.enjoyanzionettuno.com\\\/it\\\/\",\"name\":\"Anzio & Nettuno\",\"description\":\"Enjoy Sea, History and Tradition... near Rome\",\"publisher\":{\"@id\":\"https:\\\/\\\/www.enjoyanzionettuno.com\\\/it\\\/#\\\/schema\\\/person\\\/4a0a767f5f9921bc79653dea2d8a50c9\"},\"alternateName\":\"Enjoy Sea, History and Tradition\u2026 near Rome\",\"potentialAction\":[{\"@type\":\"SearchAction\",\"target\":{\"@type\":\"EntryPoint\",\"urlTemplate\":\"https:\\\/\\\/www.enjoyanzionettuno.com\\\/it\\\/?s={search_term_string}\"},\"query-input\":{\"@type\":\"PropertyValueSpecification\",\"valueRequired\":true,\"valueName\":\"search_term_string\"}}],\"inLanguage\":\"it-IT\"},{\"@type\":[\"Person\",\"Organization\"],\"@id\":\"https:\\\/\\\/www.enjoyanzionettuno.com\\\/it\\\/#\\\/schema\\\/person\\\/4a0a767f5f9921bc79653dea2d8a50c9\",\"name\":\"Enjoy Anzio Nettuno\",\"image\":{\"@type\":\"ImageObject\",\"inLanguage\":\"it-IT\",\"@id\":\"https:\\\/\\\/www.enjoyanzionettuno.com\\\/wp-content\\\/uploads\\\/2022\\\/11\\\/anzio-rome-seaside-town-scaled.webp\",\"url\":\"https:\\\/\\\/www.enjoyanzionettuno.com\\\/wp-content\\\/uploads\\\/2022\\\/11\\\/anzio-rome-seaside-town-scaled.webp\",\"contentUrl\":\"https:\\\/\\\/www.enjoyanzionettuno.com\\\/wp-content\\\/uploads\\\/2022\\\/11\\\/anzio-rome-seaside-town-scaled.webp\",\"width\":2560,\"height\":1706,\"caption\":\"Enjoy Anzio Nettuno\"},\"logo\":{\"@id\":\"https:\\\/\\\/www.enjoyanzionettuno.com\\\/wp-content\\\/uploads\\\/2022\\\/11\\\/anzio-rome-seaside-town-scaled.webp\"}}]}<\/script>\n<!-- \/ Yoast SEO plugin. -->","yoast_head_json":{"title":"Anzio, una citt\u00e0 di mare, di arte e di storia","description":"Anzio \u00e8 una cittadina non lontana da Roma e una delle pi\u00f9 belle localit\u00e0 balneari del Lazio. Per cosa \u00e8 famosa la citt\u00e0 di Anzio?","robots":{"index":"index","follow":"follow","max-snippet":"max-snippet:-1","max-image-preview":"max-image-preview:large","max-video-preview":"max-video-preview:-1"},"canonical":"https:\/\/www.enjoyanzionettuno.com\/it\/anzio\/","og_locale":"it_IT","og_type":"article","og_title":"Anzio, una citt\u00e0 di mare, di arte e di storia","og_description":"Anzio \u00e8 una cittadina non lontana da Roma e una delle pi\u00f9 belle localit\u00e0 balneari del Lazio. Per cosa \u00e8 famosa la citt\u00e0 di Anzio?","og_url":"https:\/\/www.enjoyanzionettuno.com\/it\/anzio\/","og_site_name":"Anzio &amp; Nettuno","article_modified_time":"2024-05-19T14:26:05+00:00","og_image":[{"width":1200,"height":600,"url":"https:\/\/www.enjoyanzionettuno.com\/wp-content\/uploads\/2022\/11\/anzio-seaside-rome.jpg","type":"image\/jpeg"}],"twitter_card":"summary_large_image","twitter_misc":{"Tempo di lettura stimato":"5 minuti"},"schema":{"@context":"https:\/\/schema.org","@graph":[{"@type":"WebPage","@id":"https:\/\/www.enjoyanzionettuno.com\/it\/anzio\/","url":"https:\/\/www.enjoyanzionettuno.com\/it\/anzio\/","name":"Anzio, una citt\u00e0 di mare, di arte e di storia","isPartOf":{"@id":"https:\/\/www.enjoyanzionettuno.com\/it\/#website"},"primaryImageOfPage":{"@id":"https:\/\/www.enjoyanzionettuno.com\/it\/anzio\/#primaryimage"},"image":{"@id":"https:\/\/www.enjoyanzionettuno.com\/it\/anzio\/#primaryimage"},"thumbnailUrl":"https:\/\/www.enjoyanzionettuno.com\/wp-content\/uploads\/2022\/11\/anzio-seaside-rome.jpg","datePublished":"2023-09-12T20:35:19+00:00","dateModified":"2024-05-19T14:26:05+00:00","description":"Anzio \u00e8 una cittadina non lontana da Roma e una delle pi\u00f9 belle localit\u00e0 balneari del Lazio. Per cosa \u00e8 famosa la citt\u00e0 di Anzio?","breadcrumb":{"@id":"https:\/\/www.enjoyanzionettuno.com\/it\/anzio\/#breadcrumb"},"inLanguage":"it-IT","potentialAction":[{"@type":"ReadAction","target":["https:\/\/www.enjoyanzionettuno.com\/it\/anzio\/"]}]},{"@type":"ImageObject","inLanguage":"it-IT","@id":"https:\/\/www.enjoyanzionettuno.com\/it\/anzio\/#primaryimage","url":"https:\/\/www.enjoyanzionettuno.com\/wp-content\/uploads\/2022\/11\/anzio-seaside-rome.jpg","contentUrl":"https:\/\/www.enjoyanzionettuno.com\/wp-content\/uploads\/2022\/11\/anzio-seaside-rome.jpg","width":1200,"height":600},{"@type":"BreadcrumbList","@id":"https:\/\/www.enjoyanzionettuno.com\/it\/anzio\/#breadcrumb","itemListElement":[{"@type":"ListItem","position":1,"name":"Enjoy Anzio Nettuno!","item":"https:\/\/www.enjoyanzionettuno.com\/it\/"},{"@type":"ListItem","position":2,"name":"Anzio, una citt\u00e0 di mare, di arte e di storia"}]},{"@type":"WebSite","@id":"https:\/\/www.enjoyanzionettuno.com\/it\/#website","url":"https:\/\/www.enjoyanzionettuno.com\/it\/","name":"Anzio & Nettuno","description":"Enjoy Sea, History and Tradition... near Rome","publisher":{"@id":"https:\/\/www.enjoyanzionettuno.com\/it\/#\/schema\/person\/4a0a767f5f9921bc79653dea2d8a50c9"},"alternateName":"Enjoy Sea, History and Tradition\u2026 near Rome","potentialAction":[{"@type":"SearchAction","target":{"@type":"EntryPoint","urlTemplate":"https:\/\/www.enjoyanzionettuno.com\/it\/?s={search_term_string}"},"query-input":{"@type":"PropertyValueSpecification","valueRequired":true,"valueName":"search_term_string"}}],"inLanguage":"it-IT"},{"@type":["Person","Organization"],"@id":"https:\/\/www.enjoyanzionettuno.com\/it\/#\/schema\/person\/4a0a767f5f9921bc79653dea2d8a50c9","name":"Enjoy Anzio Nettuno","image":{"@type":"ImageObject","inLanguage":"it-IT","@id":"https:\/\/www.enjoyanzionettuno.com\/wp-content\/uploads\/2022\/11\/anzio-rome-seaside-town-scaled.webp","url":"https:\/\/www.enjoyanzionettuno.com\/wp-content\/uploads\/2022\/11\/anzio-rome-seaside-town-scaled.webp","contentUrl":"https:\/\/www.enjoyanzionettuno.com\/wp-content\/uploads\/2022\/11\/anzio-rome-seaside-town-scaled.webp","width":2560,"height":1706,"caption":"Enjoy Anzio Nettuno"},"logo":{"@id":"https:\/\/www.enjoyanzionettuno.com\/wp-content\/uploads\/2022\/11\/anzio-rome-seaside-town-scaled.webp"}}]}},"_links":{"self":[{"href":"https:\/\/www.enjoyanzionettuno.com\/it\/wp-json\/wp\/v2\/pages\/781","targetHints":{"allow":["GET"]}}],"collection":[{"href":"https:\/\/www.enjoyanzionettuno.com\/it\/wp-json\/wp\/v2\/pages"}],"about":[{"href":"https:\/\/www.enjoyanzionettuno.com\/it\/wp-json\/wp\/v2\/types\/page"}],"author":[{"embeddable":true,"href":"https:\/\/www.enjoyanzionettuno.com\/it\/wp-json\/wp\/v2\/users\/3"}],"replies":[{"embeddable":true,"href":"https:\/\/www.enjoyanzionettuno.com\/it\/wp-json\/wp\/v2\/comments?post=781"}],"version-history":[{"count":4,"href":"https:\/\/www.enjoyanzionettuno.com\/it\/wp-json\/wp\/v2\/pages\/781\/revisions"}],"predecessor-version":[{"id":1500,"href":"https:\/\/www.enjoyanzionettuno.com\/it\/wp-json\/wp\/v2\/pages\/781\/revisions\/1500"}],"wp:featuredmedia":[{"embeddable":true,"href":"https:\/\/www.enjoyanzionettuno.com\/it\/wp-json\/wp\/v2\/media\/648"}],"wp:attachment":[{"href":"https:\/\/www.enjoyanzionettuno.com\/it\/wp-json\/wp\/v2\/media?parent=781"}],"curies":[{"name":"wp","href":"https:\/\/api.w.org\/{rel}","templated":true}]}}